{"id":15,"date":"2026-01-03T12:38:36","date_gmt":"2026-01-03T12:38:36","guid":{"rendered":"https:\/\/ellawykroje.pl\/?page_id=15"},"modified":"2026-02-15T18:00:54","modified_gmt":"2026-02-15T18:00:54","slug":"home","status":"publish","type":"page","link":"https:\/\/ellawykroje.pl\/","title":{"rendered":"Home"},"content":{"rendered":"<p>Do\u0142\u0105cz do naszej przygody, odkrywaj\u0105c wyj\u0105tkowe produkty. W tej przestrzeni znajdziesz inspiruj\u0105ce oferty, kt\u00f3re wzbogac\u0105 Twoje \u017cycie oraz zmotywuj\u0105 do dzia\u0142ania.<\/p>\n<p>\t\t\t\t\t\t\t\t<a href=\"#\"><br \/>\n\t\t\t\t\t\t\t\t\tZobacz wi\u0119cej<br \/>\n\t\t\t\t\t<\/a><br \/>\n\t\t\t\t\t\t\t\t\t\t\t\t\t\t<a href=\"#\"><br \/>\n\t\t\t\t\t\t\t\t\tKup teraz<br \/>\n\t\t\t\t\t<\/a><\/p>\n<h2>Dlaczego warto nas wybra\u0107?<\/h2>\n<p>\t\tNasze us\u0142ugi stworzone s\u0105 z my\u015bl\u0105 o klientach, kt\u00f3rzy poszukuj\u0105 wyj\u0105tkowych produkt\u00f3w. Oferujemy starannie wyselekcjonowane produkty, kt\u00f3re nie tylko spe\u0142niaj\u0105 Twoje potrzeby, ale tak\u017ce dodaj\u0105 warto\u015bci Twojemu \u017cyciu. Zale\u017cy nam na budowaniu relacji z klientami, kt\u00f3re opieraj\u0105 si\u0119 na zaufaniu i jako\u015bci.\t\t\t\t\t<\/p>\n<ul>\n<li>\n\t\t\t\t\t\t\t<svg aria-hidden=\"true\" viewBox=\"0 0 512 512\" xmlns=\"http:\/\/www.w3.org\/2000\/svg\"><path d=\"M512 512H0V0h512v512z\"><\/path><\/svg><br \/>\n\t\t\t\t\t\t\t\t\t\tWysoka jako\u015b\u0107 produkt\u00f3w\n\t\t\t\t\t\t\t\t\t<\/li>\n<li>\n\t\t\t\t\t\t\t<svg aria-hidden=\"true\" viewBox=\"0 0 512 512\" xmlns=\"http:\/\/www.w3.org\/2000\/svg\"><path d=\"M512 512H0V0h512v512z\"><\/path><\/svg><br \/>\n\t\t\t\t\t\t\t\t\t\tSzybka i bezproblemowa dostawa\n\t\t\t\t\t\t\t\t\t<\/li>\n<li>\n\t\t\t\t\t\t\t<svg aria-hidden=\"true\" viewBox=\"0 0 512 512\" xmlns=\"http:\/\/www.w3.org\/2000\/svg\"><path d=\"M512 512H0V0h512v512z\"><\/path><\/svg><br \/>\n\t\t\t\t\t\t\t\t\t\tAtrakcyjne ceny\n\t\t\t\t\t\t\t\t\t<\/li>\n<li>\n\t\t\t\t\t\t\t<svg aria-hidden=\"true\" viewBox=\"0 0 512 512\" xmlns=\"http:\/\/www.w3.org\/2000\/svg\"><path d=\"M512 512H0V0h512v512z\"><\/path><\/svg><br \/>\n\t\t\t\t\t\t\t\t\t\tDoskona\u0142a obs\u0142uga klienta\n\t\t\t\t\t\t\t\t\t<\/li>\n<\/ul>\n<p>\t\t\t\t\t\t\t\t\t\t\t\t\t\t\t\t\t<img fetchpriority=\"high\" decoding=\"async\" width=\"1024\" height=\"576\" src=\"https:\/\/ellawykroje.pl\/wp-content\/uploads\/2026\/01\/wireframe-img-1024x576.png\" alt=\"\" srcset=\"https:\/\/ellawykroje.pl\/wp-content\/uploads\/2026\/01\/wireframe-img-1024x576.png 1024w, https:\/\/ellawykroje.pl\/wp-content\/uploads\/2026\/01\/wireframe-img-300x169.png 300w, https:\/\/ellawykroje.pl\/wp-content\/uploads\/2026\/01\/wireframe-img-768x432.png 768w, https:\/\/ellawykroje.pl\/wp-content\/uploads\/2026\/01\/wireframe-img-1536x864.png 1536w, https:\/\/ellawykroje.pl\/wp-content\/uploads\/2026\/01\/wireframe-img-800x450.png 800w, https:\/\/ellawykroje.pl\/wp-content\/uploads\/2026\/01\/wireframe-img.png 1920w\" sizes=\"(max-width: 1024px) 100vw, 1024px\" \/>\t\t\t\t\t\t\t\t\t\t\t\t\t\t\t\t\t\t\t\t\t\t\t\t\t\t<img fetchpriority=\"high\" decoding=\"async\" width=\"1024\" height=\"576\" src=\"https:\/\/ellawykroje.pl\/wp-content\/uploads\/2026\/01\/wireframe-img-1024x576.png\" alt=\"\" srcset=\"https:\/\/ellawykroje.pl\/wp-content\/uploads\/2026\/01\/wireframe-img-1024x576.png 1024w, https:\/\/ellawykroje.pl\/wp-content\/uploads\/2026\/01\/wireframe-img-300x169.png 300w, https:\/\/ellawykroje.pl\/wp-content\/uploads\/2026\/01\/wireframe-img-768x432.png 768w, https:\/\/ellawykroje.pl\/wp-content\/uploads\/2026\/01\/wireframe-img-1536x864.png 1536w, https:\/\/ellawykroje.pl\/wp-content\/uploads\/2026\/01\/wireframe-img-800x450.png 800w, https:\/\/ellawykroje.pl\/wp-content\/uploads\/2026\/01\/wireframe-img.png 1920w\" sizes=\"(max-width: 1024px) 100vw, 1024px\" \/>\t\t\t\t\t\t\t\t\t\t\t\t\t\t\t\t<\/p>\n<h2>Nasze Us\u0142ugi<\/h2>\n<h5>Oto przegl\u0105d g\u0142\u00f3wnych us\u0142ug, kt\u00f3re oferujemy.<\/h5>\n<figure><img decoding=\"async\" width=\"1081\" height=\"1080\" src=\"https:\/\/ellawykroje.pl\/wp-content\/uploads\/2026\/01\/wireframe-img-1-e1708013680578-1.png\" alt=\"\" \/><\/figure>\n<h4>Us\u0142uga 1<\/h4>\n<p>Opis tej us\u0142ugi oraz korzy\u015bci, jakie przyniesie Tobie.<\/p>\n<figure><img decoding=\"async\" width=\"1081\" height=\"1080\" src=\"https:\/\/ellawykroje.pl\/wp-content\/uploads\/2026\/01\/wireframe-img-1-e1708013680578-1.png\" alt=\"\" \/><\/figure>\n<h4>Us\u0142uga 2<\/h4>\n<p>Nasza oferta sk\u0142ada si\u0119 z tego, co zaspokoi Twoje potrzeby.<\/p>\n<figure><img decoding=\"async\" width=\"1081\" height=\"1080\" src=\"https:\/\/ellawykroje.pl\/wp-content\/uploads\/2026\/01\/wireframe-img-1-e1708013680578-1.png\" alt=\"\" \/><\/figure>\n<h4>Us\u0142uga 3<\/h4>\n<p>Kr\u00f3tka charakterystyka oraz korzy\u015bci, kt\u00f3re zyskasz dzi\u0119ki tej us\u0142udze.<\/p>\n<p>\t\t\t\t\t\t\t\t\t\t<a href=\"#\"><br \/>\n\t\t\t\t\t\t\t\t\tZam\u00f3w teraz!<br \/>\n\t\t\t\t\t<\/a><\/p>\n<h5>Opinie naszych klient\u00f3w<\/h5>\n<h2>Poznaj, co m\u00f3wi\u0105 nasi zadowoleni klienci<\/h2>\n<p>\t\t\t\t\t\t\t\t\t\t\t\t\t\t\t<img decoding=\"async\" width=\"1024\" height=\"1024\" src=\"https:\/\/ellawykroje.pl\/wp-content\/uploads\/2026\/01\/wireframe-img-1-e1708013680578-1-1024x1024.png\" alt=\"\" srcset=\"https:\/\/ellawykroje.pl\/wp-content\/uploads\/2026\/01\/wireframe-img-1-e1708013680578-1-1024x1024.png 1024w, https:\/\/ellawykroje.pl\/wp-content\/uploads\/2026\/01\/wireframe-img-1-e1708013680578-1-300x300.png 300w, https:\/\/ellawykroje.pl\/wp-content\/uploads\/2026\/01\/wireframe-img-1-e1708013680578-1-150x150.png 150w, https:\/\/ellawykroje.pl\/wp-content\/uploads\/2026\/01\/wireframe-img-1-e1708013680578-1-768x767.png 768w, https:\/\/ellawykroje.pl\/wp-content\/uploads\/2026\/01\/wireframe-img-1-e1708013680578-1-600x600.png 600w, https:\/\/ellawykroje.pl\/wp-content\/uploads\/2026\/01\/wireframe-img-1-e1708013680578-1.png 1081w\" sizes=\"(max-width: 1024px) 100vw, 1024px\" \/><br \/>\n\t\t\t\t<i aria-hidden=\"true\">&#xE934;<\/i><i aria-hidden=\"true\">&#xE934;<\/i><i aria-hidden=\"true\">&#xE934;<\/i><i aria-hidden=\"true\">&#xE934;<\/i><i aria-hidden=\"true\">&#xE934;<\/i>\t\t\t\tOcena 5 z 5<br \/>\n\t\t\t\t\t\t\tU\u017cywa\u0142em ich us\u0142ug do zakupu kilku produkt\u00f3w i mog\u0119 \u015bmia\u0142o powiedzie\u0107, \u017ce jako\u015b\u0107 przerasta oczekiwania. Zawsze dostaj\u0119 pomoc i wsparcie, gdy tego potrzebuj\u0119.<br \/>\n\t\t\t\t\t\t\t\t\t\t\t\t\t\tJan Kowalski<br \/>\n\t\t\t\t\t\t\t\t\t\t\t\t\t\t\t\t\t\t\t\t\t\tW\u0142a\u015bciciel<\/p>\n<h2>Do\u0142\u0105cz do naszej spo\u0142eczno\u015bci!<\/h2>\n<p>Zapisz si\u0119 do naszego newslettera, aby by\u0107 na bie\u017c\u0105co z nowo\u015bciami. Poinformujemy Ci\u0119 o naszych produktach, promocjach i inspiruj\u0105cych tre\u015bciach!<\/p>\n<p>Klikaj\u0105c 'Zapisz mnie!&#8217; potwierdzasz, \u017ce zgadzasz si\u0119 z naszymi Warunkami korzystania.<\/p>\n<h5>Twoje \u017ar\u00f3d\u0142o inspiracji<\/h5>\n<h2>Galeria produkt\u00f3w<\/h2>\n<figure class='gallery-item'>\n\t\t\t\t<a data-elementor-open-lightbox=\"yes\" data-elementor-lightbox-slideshow=\"30d8771\" data-elementor-lightbox-title=\"wireframe-img-02.png\" data-e-action-hash=\"#elementor-action%3Aaction%3Dlightbox%26settings%3DeyJpZCI6MzEsInVybCI6Imh0dHBzOlwvXC9lbGxhd3lrcm9qZS5wbFwvd3AtY29udGVudFwvdXBsb2Fkc1wvMjAyNlwvMDFcL3dpcmVmcmFtZS1pbWctMDIucG5nIiwic2xpZGVzaG93IjoiMzBkODc3MSJ9\" href='https:\/\/ellawykroje.pl\/wp-content\/uploads\/2026\/01\/wireframe-img-02.png'><img loading=\"lazy\" width=\"1024\" height=\"576\" src=\"https:\/\/ellawykroje.pl\/wp-content\/uploads\/2026\/01\/wireframe-img-02-1024x576.png\" alt=\"\" decoding=\"async\" srcset=\"https:\/\/ellawykroje.pl\/wp-content\/uploads\/2026\/01\/wireframe-img-02-1024x576.png 1024w, https:\/\/ellawykroje.pl\/wp-content\/uploads\/2026\/01\/wireframe-img-02-300x169.png 300w, https:\/\/ellawykroje.pl\/wp-content\/uploads\/2026\/01\/wireframe-img-02-768x432.png 768w, https:\/\/ellawykroje.pl\/wp-content\/uploads\/2026\/01\/wireframe-img-02-1536x864.png 1536w, https:\/\/ellawykroje.pl\/wp-content\/uploads\/2026\/01\/wireframe-img-02-800x450.png 800w, https:\/\/ellawykroje.pl\/wp-content\/uploads\/2026\/01\/wireframe-img-02.png 1920w\" sizes=\"(max-width: 1024px) 100vw, 1024px\" \/><\/a><br \/>\n\t\t\t<\/figure>\n<figure class='gallery-item'>\n\t\t\t\t<a data-elementor-open-lightbox=\"yes\" data-elementor-lightbox-slideshow=\"30d8771\" data-elementor-lightbox-title=\"wireframe-img-03.png\" data-e-action-hash=\"#elementor-action%3Aaction%3Dlightbox%26settings%3DeyJpZCI6MzgsInVybCI6Imh0dHBzOlwvXC9lbGxhd3lrcm9qZS5wbFwvd3AtY29udGVudFwvdXBsb2Fkc1wvMjAyNlwvMDFcL3dpcmVmcmFtZS1pbWctMDMucG5nIiwic2xpZGVzaG93IjoiMzBkODc3MSJ9\" href='https:\/\/ellawykroje.pl\/wp-content\/uploads\/2026\/01\/wireframe-img-03.png'><img loading=\"lazy\" width=\"1024\" height=\"576\" src=\"https:\/\/ellawykroje.pl\/wp-content\/uploads\/2026\/01\/wireframe-img-03-1024x576.png\" alt=\"\" decoding=\"async\" srcset=\"https:\/\/ellawykroje.pl\/wp-content\/uploads\/2026\/01\/wireframe-img-03-1024x576.png 1024w, https:\/\/ellawykroje.pl\/wp-content\/uploads\/2026\/01\/wireframe-img-03-300x169.png 300w, https:\/\/ellawykroje.pl\/wp-content\/uploads\/2026\/01\/wireframe-img-03-768x432.png 768w, https:\/\/ellawykroje.pl\/wp-content\/uploads\/2026\/01\/wireframe-img-03-1536x864.png 1536w, https:\/\/ellawykroje.pl\/wp-content\/uploads\/2026\/01\/wireframe-img-03-800x450.png 800w, https:\/\/ellawykroje.pl\/wp-content\/uploads\/2026\/01\/wireframe-img-03.png 1920w\" sizes=\"(max-width: 1024px) 100vw, 1024px\" \/><\/a><br \/>\n\t\t\t<\/figure>\n<figure class='gallery-item'>\n\t\t\t\t<a data-elementor-open-lightbox=\"yes\" data-elementor-lightbox-slideshow=\"30d8771\" data-elementor-lightbox-title=\"wireframe-img-04.png\" data-e-action-hash=\"#elementor-action%3Aaction%3Dlightbox%26settings%3DeyJpZCI6NDQsInVybCI6Imh0dHBzOlwvXC9lbGxhd3lrcm9qZS5wbFwvd3AtY29udGVudFwvdXBsb2Fkc1wvMjAyNlwvMDFcL3dpcmVmcmFtZS1pbWctMDQucG5nIiwic2xpZGVzaG93IjoiMzBkODc3MSJ9\" href='https:\/\/ellawykroje.pl\/wp-content\/uploads\/2026\/01\/wireframe-img-04.png'><img loading=\"lazy\" width=\"1024\" height=\"576\" src=\"https:\/\/ellawykroje.pl\/wp-content\/uploads\/2026\/01\/wireframe-img-04-1024x576.png\" alt=\"\" decoding=\"async\" srcset=\"https:\/\/ellawykroje.pl\/wp-content\/uploads\/2026\/01\/wireframe-img-04-1024x576.png 1024w, https:\/\/ellawykroje.pl\/wp-content\/uploads\/2026\/01\/wireframe-img-04-300x169.png 300w, https:\/\/ellawykroje.pl\/wp-content\/uploads\/2026\/01\/wireframe-img-04-768x432.png 768w, https:\/\/ellawykroje.pl\/wp-content\/uploads\/2026\/01\/wireframe-img-04-1536x864.png 1536w, https:\/\/ellawykroje.pl\/wp-content\/uploads\/2026\/01\/wireframe-img-04-800x450.png 800w, https:\/\/ellawykroje.pl\/wp-content\/uploads\/2026\/01\/wireframe-img-04.png 1920w\" sizes=\"(max-width: 1024px) 100vw, 1024px\" \/><\/a><br \/>\n\t\t\t<\/figure>\n<figure class='gallery-item'>\n\t\t\t\t<a data-elementor-open-lightbox=\"yes\" data-elementor-lightbox-slideshow=\"30d8771\" data-elementor-lightbox-title=\"wireframe-img.png\" data-e-action-hash=\"#elementor-action%3Aaction%3Dlightbox%26settings%3DeyJpZCI6MjEsInVybCI6Imh0dHBzOlwvXC9lbGxhd3lrcm9qZS5wbFwvd3AtY29udGVudFwvdXBsb2Fkc1wvMjAyNlwvMDFcL3dpcmVmcmFtZS1pbWcucG5nIiwic2xpZGVzaG93IjoiMzBkODc3MSJ9\" href='https:\/\/ellawykroje.pl\/wp-content\/uploads\/2026\/01\/wireframe-img.png'><img loading=\"lazy\" width=\"1024\" height=\"576\" src=\"https:\/\/ellawykroje.pl\/wp-content\/uploads\/2026\/01\/wireframe-img-1024x576.png\" alt=\"\" decoding=\"async\" srcset=\"https:\/\/ellawykroje.pl\/wp-content\/uploads\/2026\/01\/wireframe-img-1024x576.png 1024w, https:\/\/ellawykroje.pl\/wp-content\/uploads\/2026\/01\/wireframe-img-300x169.png 300w, https:\/\/ellawykroje.pl\/wp-content\/uploads\/2026\/01\/wireframe-img-768x432.png 768w, https:\/\/ellawykroje.pl\/wp-content\/uploads\/2026\/01\/wireframe-img-1536x864.png 1536w, https:\/\/ellawykroje.pl\/wp-content\/uploads\/2026\/01\/wireframe-img-800x450.png 800w, https:\/\/ellawykroje.pl\/wp-content\/uploads\/2026\/01\/wireframe-img.png 1920w\" sizes=\"(max-width: 1024px) 100vw, 1024px\" \/><\/a><br \/>\n\t\t\t<\/figure>\n<p>\t\t\t\t<svg aria-hidden=\"true\" viewBox=\"0 0 512 512\" xmlns=\"http:\/\/www.w3.org\/2000\/svg\"><path d=\"M502.3 190.8c3.9-3.1 9.7-.2 9.7 4.7V400c0 26.5-21.5 48-48 48H48c-26.5 0-48-21.5-48-48V195.6c0-5 5.7-7.8 9.7-4.7 22.4 17.4 52.1 39.5 154.1 113.6 21.1 15.4 56.7 47.8 92.2 47.6 35.7.3 72-32.8 92.3-47.6 102-74.1 131.6-96.3 154-113.7zM256 320c23.2.4 56.6-29.2 73.4-41.4 132.7-96.3 142.8-104.7 173.4-128.7 5.8-4.5 9.2-11.5 9.2-18.9v-19c0-26.5-21.5-48-48-48H48C21.5 64 0 85.5 0 112v19c0 7.4 3.4 14.3 9.2 18.9 30.6 23.9 40.7 32.4 173.4 128.7 16.8 12.2 50.2 41.8 73.4 41.4z\"><\/path><\/svg>\t\t\t\t<\/p>\n<h3>\n\t\t\t\t\t\t\tE-mail<br \/>\n\t\t\t\t\t<\/h3>\n<p>\n\t\t\t\t\t\tMasz pytania? Skontaktuj si\u0119 z nami, ch\u0119tnie pomo\u017cemy.\t\t\t\t\t<\/p>\n<p>kontakt@twojafirma.pl<\/p>\n<p>\t\t\t\t<svg aria-hidden=\"true\" viewBox=\"0 0 512 512\" xmlns=\"http:\/\/www.w3.org\/2000\/svg\"><path d=\"M497.39 361.8l-112-48a24 24 0 0 0-28 6.9l-49.6 60.6A370.66 370.66 0 0 1 130.6 204.11l60.6-49.6a23.94 23.94 0 0 0 6.9-28l-48-112A24.16 24.16 0 0 0 122.6.61l-104 24A24 24 0 0 0 0 48c0 256.5 207.9 464 464 464a24 24 0 0 0 23.4-18.6l24-104a24.29 24.29 0 0 0-14.01-27.6z\"><\/path><\/svg>\t\t\t\t<\/p>\n<h3>\n\t\t\t\t\t\t\tTelefon<br \/>\n\t\t\t\t\t<\/h3>\n<p>\n\t\t\t\t\t\tZadzwo\u0144 do nas, jeste\u015bmy dost\u0119pni, by odpowiedzie\u0107 na Twoje potrzeby.\t\t\t\t\t<\/p>\n<p>123-456-789<\/p>\n<p>\t\t\t\t<svg aria-hidden=\"true\" viewBox=\"0 0 384 512\" xmlns=\"http:\/\/www.w3.org\/2000\/svg\"><path d=\"M172.268 501.67C26.97 291.031 0 269.413 0 192 0 85.961 85.961 0 192 0s192 85.961 192 192c0 77.413-26.97 99.031-172.268 309.67-9.535 13.774-29.93 13.773-39.464 0zM192 272c44.183 0 80-35.817 80-80s-35.817-80-80-80-80 35.817-80 80 35.817 80 80 80z\"><\/path><\/svg>\t\t\t\t<\/p>\n<h3>\n\t\t\t\t\t\t\tBiuro<br \/>\n\t\t\t\t\t<\/h3>\n<p>\n\t\t\t\t\t\tChcesz nas odwiedzi\u0107? Nasza siedziba znajduje si\u0119 w sercu miasta.\t\t\t\t\t<\/p>\n<p>Ul. Przyk\u0142adowa 1, Warszawa, Polska<\/p>\n","protected":false},"excerpt":{"rendered":"<p>Do\u0142\u0105cz do naszej przygody, odkrywaj\u0105c wyj\u0105tkowe produkty. W tej przestrzeni znajdziesz inspiruj\u0105ce oferty, kt\u00f3re wzbogac\u0105 Twoje \u017cycie oraz zmotywuj\u0105 do dzia\u0142ania. Zobacz wi\u0119cej Kup teraz Dlaczego warto nas wybra\u0107? Nasze us\u0142ugi stworzone s\u0105 z my\u015bl\u0105 o klientach, kt\u00f3rzy poszukuj\u0105 wyj\u0105tkowych produkt\u00f3w. Oferujemy starannie wyselekcjonowane produkty, kt\u00f3re nie tylko spe\u0142niaj\u0105 Twoje potrzeby, ale tak\u017ce dodaj\u0105 warto\u015bci [&hellip;]<\/p>\n","protected":false},"author":1,"featured_media":0,"parent":0,"menu_order":0,"comment_status":"closed","ping_status":"closed","template":"","meta":{"ocean_post_layout":"","ocean_both_sidebars_style":"","ocean_both_sidebars_content_width":0,"ocean_both_sidebars_sidebars_width":0,"ocean_sidebar":"","ocean_second_sidebar":"","ocean_disable_margins":"enable","ocean_add_body_class":"","ocean_shortcode_before_top_bar":"","ocean_shortcode_after_top_bar":"","ocean_shortcode_before_header":"","ocean_shortcode_after_header":"","ocean_has_shortcode":"","ocean_shortcode_after_title":"","ocean_shortcode_before_footer_widgets":"","ocean_shortcode_after_footer_widgets":"","ocean_shortcode_before_footer_bottom":"","ocean_shortcode_after_footer_bottom":"","ocean_display_top_bar":"default","ocean_display_header":"default","ocean_header_style":"","ocean_center_header_left_menu":"","ocean_custom_header_template":"","ocean_custom_logo":0,"ocean_custom_retina_logo":0,"ocean_custom_logo_max_width":0,"ocean_custom_logo_tablet_max_width":0,"ocean_custom_logo_mobile_max_width":0,"ocean_custom_logo_max_height":0,"ocean_custom_logo_tablet_max_height":0,"ocean_custom_logo_mobile_max_height":0,"ocean_header_custom_menu":"","ocean_menu_typo_font_family":"","ocean_menu_typo_font_subset":"","ocean_menu_typo_font_size":0,"ocean_menu_typo_font_size_tablet":0,"ocean_menu_typo_font_size_mobile":0,"ocean_menu_typo_font_size_unit":"px","ocean_menu_typo_font_weight":"","ocean_menu_typo_font_weight_tablet":"","ocean_menu_typo_font_weight_mobile":"","ocean_menu_typo_transform":"","ocean_menu_typo_transform_tablet":"","ocean_menu_typo_transform_mobile":"","ocean_menu_typo_line_height":0,"ocean_menu_typo_line_height_tablet":0,"ocean_menu_typo_line_height_mobile":0,"ocean_menu_typo_line_height_unit":"","ocean_menu_typo_spacing":0,"ocean_menu_typo_spacing_tablet":0,"ocean_menu_typo_spacing_mobile":0,"ocean_menu_typo_spacing_unit":"","ocean_menu_link_color":"","ocean_menu_link_color_hover":"","ocean_menu_link_color_active":"","ocean_menu_link_background":"","ocean_menu_link_hover_background":"","ocean_menu_link_active_background":"","ocean_menu_social_links_bg":"","ocean_menu_social_hover_links_bg":"","ocean_menu_social_links_color":"","ocean_menu_social_hover_links_color":"","ocean_disable_title":"default","ocean_disable_heading":"default","ocean_post_title":"","ocean_post_subheading":"","ocean_post_title_style":"","ocean_post_title_background_color":"","ocean_post_title_background":0,"ocean_post_title_bg_image_position":"","ocean_post_title_bg_image_attachment":"","ocean_post_title_bg_image_repeat":"","ocean_post_title_bg_image_size":"","ocean_post_title_height":0,"ocean_post_title_bg_overlay":0.5,"ocean_post_title_bg_overlay_color":"","ocean_disable_breadcrumbs":"default","ocean_breadcrumbs_color":"","ocean_breadcrumbs_separator_color":"","ocean_breadcrumbs_links_color":"","ocean_breadcrumbs_links_hover_color":"","ocean_display_footer_widgets":"default","ocean_display_footer_bottom":"default","ocean_custom_footer_template":"","footnotes":""},"class_list":["post-15","page","type-page","status-publish","hentry","entry"],"_links":{"self":[{"href":"https:\/\/ellawykroje.pl\/index.php?rest_route=\/wp\/v2\/pages\/15","targetHints":{"allow":["GET"]}}],"collection":[{"href":"https:\/\/ellawykroje.pl\/index.php?rest_route=\/wp\/v2\/pages"}],"about":[{"href":"https:\/\/ellawykroje.pl\/index.php?rest_route=\/wp\/v2\/types\/page"}],"author":[{"embeddable":true,"href":"https:\/\/ellawykroje.pl\/index.php?rest_route=\/wp\/v2\/users\/1"}],"replies":[{"embeddable":true,"href":"https:\/\/ellawykroje.pl\/index.php?rest_route=%2Fwp%2Fv2%2Fcomments&post=15"}],"version-history":[{"count":2,"href":"https:\/\/ellawykroje.pl\/index.php?rest_route=\/wp\/v2\/pages\/15\/revisions"}],"predecessor-version":[{"id":60,"href":"https:\/\/ellawykroje.pl\/index.php?rest_route=\/wp\/v2\/pages\/15\/revisions\/60"}],"wp:attachment":[{"href":"https:\/\/ellawykroje.pl\/index.php?rest_route=%2Fwp%2Fv2%2Fmedia&parent=15"}],"curies":[{"name":"wp","href":"https:\/\/api.w.org\/{rel}","templated":true}]}}